{"id":140,"date":"2025-03-27T13:21:20","date_gmt":"2025-03-27T04:21:20","guid":{"rendered":"https:\/\/zyoojapan.com\/?page_id=140"},"modified":"2025-03-27T13:46:47","modified_gmt":"2025-03-27T04:46:47","slug":"contact","status":"publish","type":"page","link":"http:\/\/zyoojapan.com\/fr\/contact\/","title":{"rendered":"enqu\u00eate"},"content":{"rendered":"\n<div class=\"wp-block-contact-form-7-contact-form-selector\">\n<div class=\"wpcf7 no-js\" id=\"wpcf7-f139-o1\" lang=\"ja\" dir=\"ltr\" data-wpcf7-id=\"139\">\n<div class=\"screen-reader-response\"><p role=\"status\" aria-live=\"polite\" aria-atomic=\"true\"><\/p> <ul><\/ul><\/div>\n<form action=\"\/fr\/wp-json\/wp\/v2\/pages\/140#wpcf7-f139-o1\" method=\"post\" class=\"wpcf7-form init\" aria-label=\"\u30b3\u30f3\u30bf\u30af\u30c8\u30d5\u30a9\u30fc\u30e0\" novalidate=\"novalidate\" data-status=\"init\">\n<fieldset class=\"hidden-fields-container\"><input type=\"hidden\" name=\"_wpcf7\" value=\"139\" \/><input type=\"hidden\" name=\"_wpcf7_version\" value=\"6.1\" \/><input type=\"hidden\" name=\"_wpcf7_locale\" value=\"ja\" \/><input type=\"hidden\" name=\"_wpcf7_unit_tag\" value=\"wpcf7-f139-o1\" \/><input type=\"hidden\" name=\"_wpcf7_container_post\" value=\"0\" \/><input type=\"hidden\" name=\"_wpcf7_posted_data_hash\" value=\"\" \/>\n<\/fieldset>\n<div class=\"Form\">\n\t<div class=\"contact-table\">\n\t\t<p class=\"contact-txt\">Contactez-nous pour toute question concernant notre produit,<br \/>\nnotre entreprise ou nos services.<br \/>\nNous ferons de notre mieux pour vous r\u00e9pondre dans les plus brefs d\u00e9lais.\n\t\t<\/p>\n\t\t<table>\n\t\t\t<tr>\n\t\t\t\t<td>\n\t\t\t\t\t<p><label for=\"name01\" class=\"label\">Nom et pr\u00e9nom<span class=\"required\">\uff0a<\/span><\/label>\n\t\t\t\t\t<\/p>\n\t\t\t\t<\/td>\n\t\t\t\t<td>\n\t\t\t\t\t<div class=\"contact-name\">\n\t\t\t\t\t\t<p><span class=\"wpcf7-form-control-wrap\" data-name=\"name01\"><input size=\"40\" maxlength=\"400\" class=\"wpcf7-form-control wpcf7-text wpcf7-validates-as-required\" id=\"name01\" aria-required=\"true\" aria-invalid=\"false\" value=\"\" type=\"text\" name=\"name01\" \/><\/span>\n\t\t\t\t\t\t<\/p>\n\t\t\t\t\t<\/div>\n\t\t\t\t<\/td>\n\t\t\t<\/tr>\n\t\t\t<tr>\n\t\t\t\t<td>\n\t\t\t\t\t<p><label for=\"check\" class=\"label\">Nom de votre entreprise<span class=\"required\">\uff0a<\/span><\/label>\n\t\t\t\t\t<\/p>\n\t\t\t\t<\/td>\n\t\t\t\t<td>\n\t\t\t\t\t<p><span class=\"wpcf7-form-control-wrap\" data-name=\"company\"><input size=\"40\" maxlength=\"400\" class=\"wpcf7-form-control wpcf7-text wpcf7-validates-as-required\" id=\"company\" aria-required=\"true\" aria-invalid=\"false\" value=\"\" type=\"text\" name=\"company\" \/><\/span>\n\t\t\t\t\t<\/p>\n\t\t\t\t<\/td>\n\t\t\t<\/tr>\n\t\t\t<tr>\n\t\t\t\t<td>\n\t\t\t\t\t<p><label for=\"codepostal\" class=\"label\">Code postal<\/label>\n\t\t\t\t\t<\/p>\n\t\t\t\t<\/td>\n\t\t\t\t<td>\n\t\t\t\t\t<p><span class=\"wpcf7-form-control-wrap\" data-name=\"codepostal\"><input size=\"40\" maxlength=\"400\" class=\"wpcf7-form-control wpcf7-text\" id=\"codepostal\" aria-invalid=\"false\" value=\"\" type=\"text\" name=\"codepostal\" \/><\/span>\n\t\t\t\t\t<\/p>\n\t\t\t\t<\/td>\n\t\t\t<\/tr>\n\t\t\t<tr>\n\t\t\t\t<td>\n\t\t\t\t\t<p><label for=\"tel\" class=\"label\">Num\u00e9ro de t\u00e9l\u00e9phone<\/label>\n\t\t\t\t\t<\/p>\n\t\t\t\t<\/td>\n\t\t\t\t<td>\n\t\t\t\t\t<p><span class=\"wpcf7-form-control-wrap\" data-name=\"tel\"><input size=\"40\" maxlength=\"400\" class=\"wpcf7-form-control wpcf7-tel wpcf7-text wpcf7-validates-as-tel\" id=\"tel\" aria-invalid=\"false\" value=\"\" type=\"tel\" name=\"tel\" \/><\/span>\n\t\t\t\t\t<\/p>\n\t\t\t\t<\/td>\n\t\t\t<\/tr>\n\t\t\t<tr>\n\t\t\t\t<td>\n\t\t\t\t\t<p><label for=\"email\" class=\"label\">Adresse e-mail<span class=\"required\">\uff0a<\/span><\/label>\n\t\t\t\t\t<\/p>\n\t\t\t\t<\/td>\n\t\t\t\t<td>\n\t\t\t\t\t<p><span class=\"wpcf7-form-control-wrap\" data-name=\"your-email\"><input size=\"40\" maxlength=\"400\" class=\"wpcf7-form-control wpcf7-email wpcf7-validates-as-required wpcf7-text wpcf7-validates-as-email\" id=\"email\" autocomplete=\"email\" aria-required=\"true\" aria-invalid=\"false\" value=\"\" type=\"email\" name=\"your-email\" \/><\/span>\n\t\t\t\t\t<\/p>\n\t\t\t\t<\/td>\n\t\t\t<\/tr>\n\t\t\t<tr>\n\t\t\t\t<td>\n\t\t\t\t\t<p><label for=\"email2\" class=\"label\">Confirmez votre adresse e-mail<span class=\"required\">\uff0a<\/span><\/label>\n\t\t\t\t\t<\/p>\n\t\t\t\t<\/td>\n\t\t\t\t<td>\n\t\t\t\t\t<p><span class=\"wpcf7-form-control-wrap\" data-name=\"your-email-confirm\"><input size=\"40\" maxlength=\"400\" class=\"wpcf7-form-control wpcf7-email wpcf7-validates-as-required wpcf7-text wpcf7-validates-as-email\" id=\"email2\" autocomplete=\"email\" aria-required=\"true\" aria-invalid=\"false\" value=\"\" type=\"email\" name=\"your-email-confirm\" \/><\/span>\n\t\t\t\t\t<\/p>\n\t\t\t\t<\/td>\n\t\t\t<\/tr>\n\t\t\t<tr>\n\t\t\t\t<td>\n\t\t\t\t\t<p><label for=\"select\" class=\"label\">Objet de votre demande<span class=\"required\">\uff0a<\/span><\/label>\n\t\t\t\t\t<\/p>\n\t\t\t\t<\/td>\n\t\t\t\t<td>\n\t\t\t\t\t<div class=\"form-select\">\n\t\t\t\t\t\t<p><span class=\"wpcf7-form-control-wrap\" data-name=\"select\"><select class=\"wpcf7-form-control wpcf7-select wpcf7-validates-as-required\" id=\"select\" aria-required=\"true\" aria-invalid=\"false\" name=\"select\"><option value=\"Concernant notre produit\">Concernant notre produit<\/option><option value=\"Concernant notre entreprise\">Concernant notre entreprise<\/option><option value=\"Autre\">Autre<\/option><\/select><\/span>\n\t\t\t\t\t\t<\/p>\n\t\t\t\t\t<\/div>\n\t\t\t\t\t<p><span class=\"wpcf7-form-control-wrap\" data-name=\"message\"><textarea cols=\"40\" rows=\"10\" maxlength=\"2000\" class=\"wpcf7-form-control wpcf7-textarea\" id=\"message\" aria-invalid=\"false\" placeholder=\"Message\" name=\"message\"><\/textarea><\/span>\n\t\t\t\t\t<\/p>\n\t\t\t\t<\/td>\n\t\t\t<\/tr>\n\t\t\t<tr>\n\t\t\t\t<td>\n\t\t\t\t<\/td>\n\t\t\t\t<td>\n\t\t\t\t\t<div class=\"privacy\" id=\"privacy\">\n\t\t\t\t\t\t<p>Les informations recueillies sur ce formulaire sont enregistr\u00e9es dans un fichier informatis\u00e9 par la soci\u00e9t\u00e9 Zyoo Corporation en tant que responsable de traitement pour la gestion des contacts entre l\u2019internaute et la soci\u00e9t\u00e9. La base l\u00e9gale du traitement est l\u2019int\u00e9r\u00eat l\u00e9gitime de l\u2019entreprise \u00e0 savoir de r\u00e9pondre aux requ\u00eates des internautes via le formulaire de contact.\n\t\t\t\t\t\t<\/p>\n\t\t\t\t\t\t<p>Les donn\u00e9es collect\u00e9es seront communiqu\u00e9es aux seuls destinataires suivants : les personnes habilit\u00e9es en interne \u00e0 traiter votre demande ainsi que les prestataires utiles \u00e0 la bonne gestion du site web. Vous pouvez consulter la liste des tiers ayant acc\u00e8s aux donn\u00e9es dans notre politique vie priv\u00e9e.\n\t\t\t\t\t\t<\/p>\n\t\t\t\t\t\t<p>Les donn\u00e9es sont conserv\u00e9es 3 ans \u00e0 compter du dernier contact avec l\u2019utilisateur et cela peut \u00eatre prolong\u00e9 3 ans avec votre consentement.\n\t\t\t\t\t\t<\/p>\n\t\t\t\t\t\t<p>Vous pouvez acc\u00e9der aux donn\u00e9es vous concernant, les rectifier, demander leur effacement ou exercer votre droit \u00e0 la limitation ou votre droit d\u2019opposition sur le traitement de vos donn\u00e9es. Consultez le site cnil.fr pour plus d\u2019informations sur vos droits.\n\t\t\t\t\t\t<\/p>\n\t\t\t\t\t\t<p>Pour exercer ces droits ou pour toute question sur le traitement de vos donn\u00e9es dans ce dispositif, vous pouvez nous contacter \u00e0 l\u2019adresse mail : rgpd@zyoojapan.com en indiquant le libell\u00e9 \u00ab Droit des personnes \u00bb comme objet.\n\t\t\t\t\t\t<\/p>\n\t\t\t\t\t\t<p>Si vous estimez, apr\u00e8s nous avoir contact\u00e9s, que vos droits \u00ab Informatique et Libert\u00e9s \u00bb ne sont pas respect\u00e9s, vous pouvez adresser une r\u00e9clamation \u00e0 l\u2019autorit\u00e9 de contr\u00f4le comp\u00e9tente.\n\t\t\t\t\t\t<\/p>\n\t\t\t\t\t\t<p>En savoir plus sur la gestion de vos donn\u00e9es et vos droits.<br \/>\n<a href=\"\/fr\/policy\" style=\"text-decoration:underline; color:blue;\">politique de confidentialit\u00e9.<\/a>\n\t\t\t\t\t\t<\/p>\n\t\t\t\t\t<\/div>\n\t\t\t\t\t<p><span class=\"wpcf7-form-control-wrap\" data-name=\"form-check\"><span class=\"wpcf7-form-control wpcf7-checkbox form-check\"><span class=\"wpcf7-list-item first last\"><label><input type=\"checkbox\" name=\"form-check[]\" value=\"J\u2019accepte de recevoir des informations et actualit\u00e9s de la soci\u00e9t\u00e9 Zyoo Corporation.\" \/><span class=\"wpcf7-list-item-label\">J\u2019accepte de recevoir des informations et actualit\u00e9s de la soci\u00e9t\u00e9 Zyoo Corporation.<\/span><\/label><\/span><\/span><\/span><span class=\"facultatif\">(facultatif)<\/span>\n\t\t\t\t\t<\/p>\n\t\t\t\t<\/td>\n\t\t\t<\/tr>\n\t\t<\/table>\n\t<\/div>\n\t<div class=\"form-btn\">\n\t\t<p><input type=\"button\" class=\"confirm_button\" value=\"Confirmer\" disabled \/>\n\t\t<\/p>\n\t<\/div>\n<\/div>\n\n<!-- \u78ba\u8a8d\u753b\u9762 -->\n<div class=\"confirm_area\" id=\"confirm_area\">\n\t<p class=\"contact-txt\">V\u00e9rification des informations saisies<br \/>\nVeuillez confirmer les informations suivantes :\n\t<\/p>\n\t<div class=\"contact-table\">\n\t\t<table>\n\t\t\t<tr>\n\t\t\t\t<td>\n\t\t\t\t\t<p><label for=\"name01\" class=\"label\">Nom et pr\u00e9nom<span class=\"required\">\uff0a<\/span><\/label>\n\t\t\t\t\t<\/p>\n\t\t\t\t<\/td>\n\t\t\t\t<td>\n\t\t\t\t\t<div class=\"contact-name\">\n\t\t\t\t\t\t<p><span class=\"confirm_name01\"><\/span>\n\t\t\t\t\t\t<\/p>\n\t\t\t\t\t<\/div>\n\t\t\t\t<\/td>\n\t\t\t<\/tr>\n\t\t\t<tr>\n\t\t\t\t<td>\n\t\t\t\t\t<p><label for=\"check\" class=\"label\">Nom de votre entreprise<span class=\"required\">\uff0a<\/span><\/label>\n\t\t\t\t\t<\/p>\n\t\t\t\t<\/td>\n\t\t\t\t<td>\n\t\t\t\t\t<p><span class=\"confirm_company\"><\/span>\n\t\t\t\t\t<\/p>\n\t\t\t\t<\/td>\n\t\t\t<\/tr>\n\t\t\t<tr>\n\t\t\t\t<td>\n\t\t\t\t\t<p><label for=\"codepostal\" class=\"label\">Code postal<\/label>\n\t\t\t\t\t<\/p>\n\t\t\t\t<\/td>\n\t\t\t\t<td>\n\t\t\t\t\t<p><span class=\"confirm_codepostal\"><\/span>\n\t\t\t\t\t<\/p>\n\t\t\t\t<\/td>\n\t\t\t<\/tr>\n\t\t\t<tr>\n\t\t\t\t<td>\n\t\t\t\t\t<p><label for=\"tel\" class=\"label\">Num\u00e9ro de t\u00e9l\u00e9phone<\/label>\n\t\t\t\t\t<\/p>\n\t\t\t\t<\/td>\n\t\t\t\t<td>\n\t\t\t\t\t<p><span class=\"confirm_tel\"><\/span>\n\t\t\t\t\t<\/p>\n\t\t\t\t<\/td>\n\t\t\t<\/tr>\n\t\t\t<tr>\n\t\t\t\t<td>\n\t\t\t\t\t<p><label for=\"email\" class=\"label\">Adresse e-mail<span class=\"required\">\uff0a<\/span><\/label>\n\t\t\t\t\t<\/p>\n\t\t\t\t<\/td>\n\t\t\t\t<td>\n\t\t\t\t\t<p><span class=\"confirm_email\"><\/span>\n\t\t\t\t\t<\/p>\n\t\t\t\t<\/td>\n\t\t\t<\/tr>\n\t\t\t<tr>\n\t\t\t\t<td>\n\t\t\t\t\t<p><label for=\"select\" class=\"label\">Objet de votre demande<span class=\"required\">\uff0a<\/span><\/label>\n\t\t\t\t\t<\/p>\n\t\t\t\t<\/td>\n\t\t\t\t<td>\n\t\t\t\t\t<div class=\"form-select\">\n\t\t\t\t\t\t<p><span class=\"confirm_select\"><\/span>\n\t\t\t\t\t\t<\/p>\n\t\t\t\t\t<\/div>\n\t\t\t\t\t<p><span class=\"confirm_message\"><\/span>\n\t\t\t\t\t<\/p>\n\t\t\t\t<\/td>\n\t\t\t<\/tr>\n\t\t<\/table>\n\t<\/div>\n\t<div class=\"form-btn\">\n\t\t<p><input class=\"wpcf7-form-control wpcf7-submit has-spinner\" type=\"submit\" value=\"Valider\" \/><br \/>\n<input type=\"button\" class=\"back_button\" value=\"Retour\" \/>\n\t\t<\/p>\n\t<\/div>\n<\/div>\n<p><script>\n \/\/ contact form7\u78ba\u8a8d\u753b\u9762\n document.addEventListener('DOMContentLoaded', () => {\n const form = document.querySelector('.wpcf7-form');\n if (!form) {\n return;\n }\n\n const checkConfirmButton = () => {\n const confirmButton = form.querySelector(\".confirm_button\");\n\n let flag = true;\n\n \/\/ \u5fc5\u9808\u9805\u76ee\u304c\u5909\u66f4\u3055\u308c\u305f\u5834\u5408\u306e\u51e6\u7406\n const requiredInputs = form.querySelectorAll('[aria-required=\"true\"]');\n requiredInputs.forEach(input => {\n if (input.getAttribute(\"aria-invalid\") === \"true\" || input.value === \"\") {\n flag = false;\n console.log('failed', input.value, input);\n }\n });\n\n const radioContainers = form.querySelectorAll('.wpcf7-radio');\n radioContainers.forEach(container => {\n const checked = container.querySelector('input:checked');\n if (!checked) {\n flag = false;\n console.log('failed', container);\n }\n });\n\n const checkboxContainers = form.querySelectorAll('.wpcf7-checkbox');\n checkboxContainers.forEach(container => {\n if (!container.classList.contains('wpcf7-validates-as-required')) return;\n\n const checked = container.querySelector('input:checked');\n if (!checked) {\n flag = false;\n console.log('failed', container);\n }\n });\n\n const acceptanceContainers = form.querySelectorAll('.wpcf7-acceptance');\n acceptanceContainers.forEach(container => {\n if (container.classList.contains('optional')) return;\n const checked = container.querySelector('input:checked');\n if (!checked) {\n flag = false;\n console.log('failed', container);\n }\n });\n\n confirmButton.disabled = !flag;\n }\n\n \/\/ \u5165\u529b\u30d5\u30a3\u30fc\u30eb\u30c9\u306e\u5185\u5bb9\u304c\u5909\u66f4\u3055\u308c\u305f\u5834\u5408\u306e\u51e6\u7406\n const formInputs = form.querySelectorAll('input, select, textarea');\n formInputs.forEach(input => {\n input.addEventListener('change', function () {\n setTimeout(() => {\n checkConfirmButton();\n }, 100);\n \/\/ \u5165\u529b\u30d5\u30a3\u30fc\u30eb\u30c9\u306e\u30bf\u30a4\u30d7\u3092\u53d6\u5f97\n const type = this.getAttribute(\"type\");\n \/\/ \u30e9\u30b8\u30aa\u30dc\u30bf\u30f3\u306e\u5834\u5408\u306e\u51e6\u7406\n if (type === \"radio\") {\n \/\/ \u30e9\u30b8\u30aa\u30dc\u30bf\u30f3\u306e\u9078\u629e\u5024\u3092\u53d6\u5f97\n const value = this.value;\n \/\/ \u30e9\u30b8\u30aa\u30dc\u30bf\u30f3\u306e\u89aa\u8981\u7d20\u304b\u3089id\u3092\u53d6\u5f97\n const id = this.closest(\"[id]\").id;\n \/\/ \u53d6\u5f97\u3057\u305fid\u3092\u30af\u30e9\u30b9\u540d\u306b\u8ffd\u52a0\u3057\u3001\u78ba\u8a8d\u753b\u9762\u306e\u5024\u3092\u8a2d\u5b9a\n document.querySelector(`.confirm_${id}`).textContent = value;\n } \/\/ \u30c1\u30a7\u30c3\u30af\u30dc\u30c3\u30af\u30b9\u306e\u5834\u5408\u306e\u51e6\u7406\n else if (type === \"checkbox\") {\n if (this.closest('.wpcf7-acceptance')) return;\n const name = this.name;\n const checkedItems = form.querySelectorAll(`input[name=\"${name}\"]:checked`);\n const values = Array.from(checkedItems).map(item => item.value);\n const id = this.closest(\"[id]\").id;\n \/\/ \u53d6\u5f97\u3057\u305fid\u3092\u30af\u30e9\u30b9\u540d\u306b\u8ffd\u52a0\u3057\u3001\u78ba\u8a8d\u753b\u9762\u306e\u5024\u3092\u8a2d\u5b9a\n document.querySelector(`.confirm_${id}`).textContent = values.join(\", \");\n console.log(document.querySelector(`.confirm_${id}`).textContent);\n } \/\/ \u305d\u306e\u4ed6\u306e\u5834\u5408\u306e\u51e6\u7406\n else {\n const value = this.value;\n \/\/ \u5165\u529b\u30d5\u30a3\u30fc\u30eb\u30c9\u306eid\u3092\u53d6\u5f97\n const id = this.id;\n \/\/ \u53d6\u5f97\u3057\u305fid\u3092\u30af\u30e9\u30b9\u540d\u306b\u8ffd\u52a0\u3057\u3001\u78ba\u8a8d\u753b\u9762\u306e\u5024\u3092\u8a2d\u5b9a\n document.querySelector(`.confirm_${id}`).textContent = value;\n }\n }, true);\n });\n\n const backEvent = () => {\n const backButton = document.querySelector(\".back_button\");\n document.querySelector(\".Form\").style.display = 'block';\n document.querySelector(\".confirm_area\").style.display = 'none';\n }\n\n const backButtonEvent = () => {\n backEvent();\n window.scrollTo(0, document.querySelector('.contact').getBoundingClientRect().top);\n }\n\n document.addEventListener('wpcf7invalid', function (event) {\n backEvent();\n setTimeout(() => {\n window.scrollTo(0, document.querySelector('.contact-table').getBoundingClientRect().top);\n }, 300);\n });\n\n \/\/ \u78ba\u8a8d\u30dc\u30bf\u30f3\u3092\u30af\u30ea\u30c3\u30af\u3057\u305f\u5834\u5408\u306e\u51e6\u7406\n const confirmButton = document.querySelector(\".confirm_button\");\n confirmButton.addEventListener('click', () => {\n document.querySelector(\".Form\").style.display = 'none';\n document.querySelector(\".confirm_area\").style.display = 'block';\nconst y = document.querySelector('.contact').getBoundingClientRect().top + window.pageYOffset;\nwindow.scrollTo({ top: y, behavior: 'smooth' });\n });\n\n \/\/ \u623b\u308b\u30dc\u30bf\u30f3\u3092\u30af\u30ea\u30c3\u30af\u3057\u305f\u5834\u5408\u306e\u51e6\u7406\n const backButton = document.querySelector(\".back_button\");\n backButton.addEventListener('click', backButtonEvent);\n\n \/\/ \u9001\u4fe1\u30dc\u30bf\u30f3\u3092\u30af\u30ea\u30c3\u30af\u3057\u305f\u5834\u5408\u306e\u51e6\u7406\n document.addEventListener('wpcf7mailsent', (event) => {\n location = '\/fr\/thanks#thanks';\n }, false);\n});\n\n<\/script>\n<\/p><div class=\"wpcf7-response-output\" aria-hidden=\"true\"><\/div>\n<\/form>\n<\/div>\n<\/div>\n","protected":false},"excerpt":{"rendered":"","protected":false},"author":2,"featured_media":0,"parent":0,"menu_order":0,"comment_status":"closed","ping_status":"closed","template":"","meta":{"_locale":"fr_FR","_original_post":"https:\/\/zyoojapan.com\/?page_id=9","footnotes":""},"class_list":["post-140","page","type-page","status-publish","hentry","fr-FR"],"aioseo_notices":[],"_links":{"self":[{"href":"http:\/\/zyoojapan.com\/wp-json\/wp\/v2\/pages\/140","targetHints":{"allow":["GET"]}}],"collection":[{"href":"http:\/\/zyoojapan.com\/wp-json\/wp\/v2\/pages"}],"about":[{"href":"http:\/\/zyoojapan.com\/wp-json\/wp\/v2\/types\/page"}],"author":[{"embeddable":true,"href":"http:\/\/zyoojapan.com\/wp-json\/wp\/v2\/users\/2"}],"replies":[{"embeddable":true,"href":"http:\/\/zyoojapan.com\/wp-json\/wp\/v2\/comments?post=140"}],"version-history":[{"count":4,"href":"http:\/\/zyoojapan.com\/wp-json\/wp\/v2\/pages\/140\/revisions"}],"predecessor-version":[{"id":146,"href":"http:\/\/zyoojapan.com\/wp-json\/wp\/v2\/pages\/140\/revisions\/146"}],"wp:attachment":[{"href":"http:\/\/zyoojapan.com\/wp-json\/wp\/v2\/media?parent=140"}],"curies":[{"name":"wp","href":"https:\/\/api.w.org\/{rel}","templated":true}]}}